{"id":1068,"date":"2022-02-25T17:06:30","date_gmt":"2022-02-25T16:06:30","guid":{"rendered":"http:\/\/www.jossis.unizd.hr\/?page_id=1068"},"modified":"2022-02-28T18:47:44","modified_gmt":"2022-02-28T17:47:44","slug":"course-01-product-management-2","status":"publish","type":"page","link":"https:\/\/www.jossis.unizd.hr\/index.php\/archive-2\/course-01-product-management-2\/","title":{"rendered":"2020 Course 01: Product Management for Digital Business"},"content":{"rendered":"<div id=\"pg-gb1068-69e774b078e08-0\"  class=\"panel-grid\" ><div class=\"panel-grid-core\"><div id=\"pgc-gb1068-69e774b078e08-0-0\"  class=\"panel-grid-cell\" ><div class=\"panel-widget-style\" style=\"background: url(&quot;false&quot;) !important; background-position: left top !important; background-repeat: repeat !important; background-size: auto !important; background-attachment: scroll !important;\" >\t\t\t<div class=\"textwidget\"><p>This course was held in 2020!<\/p>\n<\/div>\n\t\t<\/div><\/div><\/div><\/div><div id=\"pg-gb1068-69e774b078e08-1\"  class=\"panel-grid\" ><div class=\"panel-grid-core\"><div id=\"pgc-gb1068-69e774b078e08-1-0\"  class=\"panel-grid-cell\" ><div class=\"panel-widget-style\" style=\"background: url(&quot;false&quot;) !important; background-position: left top !important; background-repeat: repeat !important; background-size: auto !important; background-attachment: scroll !important;\" ><h2 style=\"font-style: normal;\"><span>Info<\/span><\/h2><\/div><div class=\"panel-widget-style\" style=\"background: url(&quot;false&quot;) !important; background-position: left top !important; background-repeat: repeat !important; background-size: auto !important; background-attachment: scroll !important;\" >\t\t\t<div class=\"textwidget\"><p>Dates: 24th August \u2013 4th September 2020<\/p>\n<ul>\n<li>Lecturer: Manuel Hartmann<\/li>\n<li>Course responsibility: Armando Sch\u00e4r, FHGR<\/li>\n<li>Course type: Compulsory Optional Subject (Summer School)<\/li>\n<li>Related degree levels and programs: BA\/MA\n<ul>\n<li>BA\/MA in Information Science<\/li>\n<li>BA\/MA in Digital Business Management<\/li>\n<\/ul>\n<\/li>\n<li>Workload: 120 hours<\/li>\n<li>Credits: 4 ECTS<\/li>\n<li>Course abbreviation: PM-DBM<\/li>\n<li>Access course materials: Moodle link<\/li>\n<\/ul>\n<\/div>\n\t\t<\/div><div class=\"panel-widget-style\" style=\"background: url(&quot;false&quot;) !important; background-position: left top !important; background-repeat: repeat !important; background-size: auto !important; background-attachment: scroll !important;\" ><a href=\"http:\/\/#\" id=\"shuttleshortcodesshuttle_builder_buttontheme\" class=\"button style2 themebutton small standard\">Access learning materials<i class=\"fa fa-link\"><\/i><\/a><\/div><\/div><div id=\"pgc-gb1068-69e774b078e08-1-1\"  class=\"panel-grid-cell\" ><div class=\"panel-widget-style\" style=\"background: url(&quot;false&quot;) !important; background-position: left top !important; background-repeat: repeat !important; background-size: auto !important; background-attachment: scroll !important;\" ><h2 style=\"font-style: normal;\"><span>Manuel Hartmann<\/span><\/h2><\/div><div class=\"panel-widget-style\" style=\"background: url(&quot;false&quot;) !important; background-position: left top !important; background-repeat: repeat !important; background-size: auto !important; background-attachment: scroll !important;\" >\t\t\t<div class=\"textwidget\"><p><img loading=\"lazy\" decoding=\"async\" class=\"size-thumbnail wp-image-85 alignleft\" src=\"http:\/\/www.jossis.unizd.hr\/wp-content\/uploads\/2019\/11\/ManuelHartmann1-150x150.png\" alt=\"\" width=\"150\" height=\"150\" srcset=\"https:\/\/www.jossis.unizd.hr\/wp-content\/uploads\/2019\/11\/ManuelHartmann1-150x150.png 150w, https:\/\/www.jossis.unizd.hr\/wp-content\/uploads\/2019\/11\/ManuelHartmann1-90x90.png 90w, https:\/\/www.jossis.unizd.hr\/wp-content\/uploads\/2019\/11\/ManuelHartmann1-756x760.png 756w, https:\/\/www.jossis.unizd.hr\/wp-content\/uploads\/2019\/11\/ManuelHartmann1-570x570.png 570w, https:\/\/www.jossis.unizd.hr\/wp-content\/uploads\/2019\/11\/ManuelHartmann1-380x380.png 380w, https:\/\/www.jossis.unizd.hr\/wp-content\/uploads\/2019\/11\/ManuelHartmann1-285x285.png 285w\" sizes=\"auto, (max-width: 150px) 100vw, 150px\" \/>Manuel founded\u00a0<a href=\"https:\/\/hartmannventures.com\/\">https:\/\/hartmannventures.com\/<\/a>\u00a0to help B2B Tech Startups with entrepreneurial sales support. Before, he built the sales organisation for a Swiss B2B Machine Learning startup and co-led Salesforce.com projects. In addition, he teaches a Design Thinking and a Sales for Digital business course at FH Graub\u00fcnden. He holds a M.A. HSG in Business Innovation.<\/p>\n<\/div>\n\t\t<\/div><div class=\"panel-widget-style\" style=\"background: url(&quot;false&quot;) !important; background-position: left top !important; background-repeat: repeat !important; background-size: auto !important; background-attachment: scroll !important;\" ><h2 style=\"font-style: normal;\"><span>B\u00fc\u015fra Co\u015fkuner<\/span><\/h2><\/div><div class=\"panel-widget-style\" style=\"background: url(&quot;false&quot;) !important; background-position: left top !important; background-repeat: repeat !important; background-size: auto !important; background-attachment: scroll !important;\" >\t\t\t<div class=\"textwidget\"><p><img loading=\"lazy\" decoding=\"async\" class=\"alignleft wp-image-984 size-thumbnail\" src=\"http:\/\/www.jossis.unizd.hr\/wp-content\/uploads\/2020\/01\/Bu\u0308sraCoskuner-150x150.png\" alt=\"\" width=\"150\" height=\"150\" srcset=\"https:\/\/www.jossis.unizd.hr\/wp-content\/uploads\/2020\/01\/Bu\u0308sraCoskuner-150x150.png 150w, https:\/\/www.jossis.unizd.hr\/wp-content\/uploads\/2020\/01\/Bu\u0308sraCoskuner-300x300.png 300w, https:\/\/www.jossis.unizd.hr\/wp-content\/uploads\/2020\/01\/Bu\u0308sraCoskuner-768x768.png 768w, https:\/\/www.jossis.unizd.hr\/wp-content\/uploads\/2020\/01\/Bu\u0308sraCoskuner-1024x1024.png 1024w, https:\/\/www.jossis.unizd.hr\/wp-content\/uploads\/2020\/01\/Bu\u0308sraCoskuner-90x90.png 90w, https:\/\/www.jossis.unizd.hr\/wp-content\/uploads\/2020\/01\/Bu\u0308sraCoskuner-570x570.png 570w, https:\/\/www.jossis.unizd.hr\/wp-content\/uploads\/2020\/01\/Bu\u0308sraCoskuner-380x380.png 380w, https:\/\/www.jossis.unizd.hr\/wp-content\/uploads\/2020\/01\/Bu\u0308sraCoskuner-285x285.png 285w\" sizes=\"auto, (max-width: 150px) 100vw, 150px\" \/>B\u00fc\u015fra is a product lead with a primary focus on user happiness, which in turn, elevates the business. She studied Industrial Engineering and Management at the Technical University of Berlin, and has felt right at home co-existing in the worlds of technology and business ever since. She has been focused on the product side of companies and branches of all different sizes and disciplines like Doodle, Home24, siroop, Deutsche Telekom Technischer Service and more&#8230;granting her with a variety of experiences and insights throughout her career and leadership..<\/p>\n<\/div>\n\t\t<\/div><\/div><\/div><\/div><div id=\"pg-gb1068-69e774b078e08-2\"  class=\"panel-grid\" ><div class=\"panel-grid-core\"><div id=\"pgc-gb1068-69e774b078e08-2-0\"  class=\"panel-grid-cell\" ><div class=\"panel-widget-style\" style=\"background: url(&quot;false&quot;) !important; background-position: left top !important; background-repeat: repeat !important; background-size: auto !important; background-attachment: scroll !important;\" ><div class=\"divider-top\"><a href=\"javascript:void(0)\" class=\"backtotop\">Top<\/a><\/div><\/div><\/div><\/div><\/div><div id=\"pg-gb1068-69e774b078e08-3\"  class=\"panel-grid\" ><div class=\"panel-grid-core\"><div id=\"pgc-gb1068-69e774b078e08-3-0\"  class=\"panel-grid-cell\" ><div class=\"panel-widget-style\" style=\"background: url(&quot;false&quot;) !important; background-position: left top !important; background-repeat: repeat !important; background-size: auto !important; background-attachment: scroll !important;\" ><h2 style=\"font-style: normal;\"><span>Synopsis<\/span><\/h2><\/div><div class=\"panel-widget-style\" style=\"background: url(&quot;false&quot;) !important; background-position: left top !important; background-repeat: repeat !important; background-size: auto !important; background-attachment: scroll !important;\" >\t\t\t<div class=\"textwidget\"><p>Product Manager is besides modern software engineering and sales one of the\u00a0<a href=\"https:\/\/t.sidekickopen77.com\/s1t\/c\/5\/f18dQhb0S7lM8dDMPbW2n0x6l2B9nMJN7t5XWPdSD1CW1qMLvT5v_NP-V1z7Wr2sqHvH103?te=W3R5hFj4cm2zwW4mKLS-3ZWVWBW3K2-zv1JxwY5W1Ly-Mv4cgBkZW3zgCH01Ld3_wW4rGR9H3HbCkbW49PFWf3Fdr8KW1NyMsq3zb1DM0&amp;si=8000000000479691&amp;pi=25cf7c84-f4ff-4228-e0a6-c9b278c3c31b\">most sought after positions by digital businesses<\/a>\u00a0such as Swisscom, Google, Avrios and Leonteq.<\/p>\n<p>This summer school elective will help you to acquire sound knowledge to manage products for digital business models in the areas of productization, promotion &amp; roll-out as well as feedback &amp; education to land a job at the intersection of business, technology and design.<\/p>\n<\/div>\n\t\t<\/div><\/div><\/div><\/div><div id=\"pg-gb1068-69e774b078e08-4\"  class=\"panel-grid\" ><div class=\"panel-grid-core\"><div id=\"pgc-gb1068-69e774b078e08-4-0\"  class=\"panel-grid-cell\" ><div class=\"panel-widget-style\" style=\"background: url(&quot;false&quot;) !important; background-position: left top !important; background-repeat: repeat !important; background-size: auto !important; background-attachment: scroll !important;\" ><div class=\"divider-top\"><a href=\"javascript:void(0)\" class=\"backtotop\">Top<\/a><\/div><\/div><\/div><\/div><\/div><div id=\"pg-gb1068-69e774b078e08-5\"  class=\"panel-grid\" ><div class=\"panel-grid-core\"><div id=\"pgc-gb1068-69e774b078e08-5-0\"  class=\"panel-grid-cell\" ><div class=\"panel-widget-style\" style=\"background: url(&quot;false&quot;) !important; background-position: left top !important; background-repeat: repeat !important; background-size: auto !important; background-attachment: scroll !important; text-align: center !important;\" ><div class=\"animated start-fadeIn\" title=\"\"><div class=\"customtitle style5\"><h2 style=\"font-style: normal;\"><span>Course goal \/ Guiding idea<\/span><\/h2><\/div><\/div><div class=\"clearboth\"><\/div><\/div><div class=\"panel-widget-style\" style=\"background: url(&quot;false&quot;) !important; background-position: left top !important; background-repeat: repeat !important; background-size: auto !important; background-attachment: scroll !important; text-align: center !important;\" >\t\t\t<div class=\"textwidget\"><p>Upon successful completion of the course students will be able to:<\/p>\n<\/div>\n\t\t<\/div><\/div><\/div><\/div><div id=\"pg-gb1068-69e774b078e08-6\"  class=\"panel-grid\" ><div class=\"panel-grid-core\"><div id=\"pgc-gb1068-69e774b078e08-6-0\"  class=\"panel-grid-cell\" ><div class=\"panel-widget-style\" style=\"background: url(&quot;false&quot;) !important; background-position: left top !important; background-repeat: repeat !important; background-size: auto !important; background-attachment: scroll !important;\" >\t\t\t<div class=\"textwidget\"><p><strong>Knowledge<\/strong><br \/>\nAcquiring sound knowledge to manage products for digital business models in the areas of productization, promotion &amp; roll-out as well as feedback &amp; education<\/p>\n<\/div>\n\t\t<\/div><\/div><div id=\"pgc-gb1068-69e774b078e08-6-1\"  class=\"panel-grid-cell\" ><div class=\"panel-widget-style\" style=\"background: url(&quot;false&quot;) !important; background-position: left top !important; background-repeat: repeat !important; background-size: auto !important; background-attachment: scroll !important;\" >\t\t\t<div class=\"textwidget\"><p><strong>Skills<\/strong><br \/>\nAnalysis of digital products on how to gain market insights, analyze business cases, drive product &amp; portfolio strategy, deliver on product development and support sales<\/p>\n<\/div>\n\t\t<\/div><\/div><div id=\"pgc-gb1068-69e774b078e08-6-2\"  class=\"panel-grid-cell\" ><div class=\"panel-widget-style\" style=\"background: url(&quot;false&quot;) !important; background-position: left top !important; background-repeat: repeat !important; background-size: auto !important; background-attachment: scroll !important;\" >\t\t\t<div class=\"textwidget\"><p><strong>Competencies<\/strong><br \/>\nApplication of knowledge and skills in independently conceived digital business products and concepts, their planning as well as concrete implementation and lessons learnt from the developed materials. Independent further development of the own competence by means of suitable training methods.<\/p>\n<\/div>\n\t\t<\/div><\/div><\/div><\/div><div id=\"pg-gb1068-69e774b078e08-7\"  class=\"panel-grid\" ><div class=\"panel-grid-core\"><div id=\"pgc-gb1068-69e774b078e08-7-0\"  class=\"panel-grid-cell\" ><div class=\"panel-widget-style\" style=\"background: url(&quot;false&quot;) !important; background-position: left top !important; background-repeat: repeat !important; background-size: auto !important; background-attachment: scroll !important;\" ><div class=\"divider-top\"><a href=\"javascript:void(0)\" class=\"backtotop\">Top<\/a><\/div><\/div><\/div><\/div><\/div><div id=\"pg-gb1068-69e774b078e08-8\"  class=\"panel-grid\" ><div class=\"panel-grid-core\"><div id=\"pgc-gb1068-69e774b078e08-8-0\"  class=\"panel-grid-cell\" ><div class=\"panel-widget-style\" style=\"text-align: center !important;\" ><div class=\"animated start-fadeIn\" title=\"\"><div class=\"customtitle style5\"><h2 style=\"font-style: normal;\"><span>Course content<\/span><\/h2><\/div><\/div><div class=\"clearboth\"><\/div><\/div><div class=\"panel-widget-style\" style=\"background: url(&quot;false&quot;) !important; background-position: left top !important; background-repeat: repeat !important; background-size: auto !important; background-attachment: scroll !important;\" >\t\t\t<div class=\"textwidget\"><ul>\n<li>Why product management is crucial for digital business management<\/li>\n<li>Evaluation &amp; application of common product management methods &amp; techniques<\/li>\n<li>Crafting of a product strategy<\/li>\n<li>Practical development of a product roadmap for real use cases<\/li>\n<\/ul>\n<\/div>\n\t\t<\/div><\/div><div id=\"pgc-gb1068-69e774b078e08-8-1\"  class=\"panel-grid-cell\" ><div class=\"panel-widget-style\" style=\"text-align: center !important;\" ><div class=\"animated start-fadeIn\" title=\"\"><div class=\"customtitle style5\"><h2 style=\"font-style: normal;\"><span>Learning outcomes<\/span><\/h2><\/div><\/div><div class=\"clearboth\"><\/div><\/div><div class=\"panel-widget-style\" style=\"background: url(&quot;false&quot;) !important; background-position: left top !important; background-repeat: repeat !important; background-size: auto !important; background-attachment: scroll !important;\" >\t\t\t<div class=\"textwidget\"><ul>\n<li>Independent development and implementation of digital business product strategies and concepts<\/li>\n<li>Reflective handling and use of learned methods &amp; tools<\/li>\n<li>Customer-oriented understanding of product management<\/li>\n<\/ul>\n<\/div>\n\t\t<\/div><\/div><\/div><\/div><div id=\"pg-gb1068-69e774b078e08-9\"  class=\"panel-grid\" ><div class=\"panel-grid-core\"><div id=\"pgc-gb1068-69e774b078e08-9-0\"  class=\"panel-grid-cell\" ><div class=\"panel-widget-style\" ><div class=\"divider-top\"><a href=\"javascript:void(0)\" class=\"backtotop\">Top<\/a><\/div><\/div><\/div><\/div><\/div><div id=\"pg-gb1068-69e774b078e08-10\"  class=\"panel-grid\" ><div class=\"panel-grid-core\"><div id=\"pgc-gb1068-69e774b078e08-10-0\"  class=\"panel-grid-cell\" ><div class=\"panel-widget-style\" style=\"background: url(&quot;false&quot;) !important; background-position: left top !important; background-repeat: repeat !important; background-size: auto !important; background-attachment: scroll !important; text-align: center !important;\" ><div class=\"animated start-fadeIn\" title=\"\"><div class=\"customtitle style5\"><h2 style=\"font-style: normal;\"><span>Execution<\/span><\/h2><\/div><\/div><div class=\"clearboth\"><\/div><\/div><div class=\"panel-widget-style\" style=\"background: url(&quot;false&quot;) !important; background-position: left top !important; background-repeat: repeat !important; background-size: auto !important; background-attachment: scroll !important;\" >\t\t\t<div class=\"textwidget\"><p>Contact lessons (60h):<\/p>\n<ul>\n<li>Theory teaching (everybody)<\/li>\n<li>Development of product strategy &amp; roadmap (groups)<\/li>\n<li>Presentation of product strategy &amp; roadmap (groups)<\/li>\n<\/ul>\n<p>Accompanied self-study (40h):<\/p>\n<ul>\n<li>Development of a product strategy 20h<\/li>\n<li>Development of a product roadmap 20h<\/li>\n<li>Total 40h<\/li>\n<\/ul>\n<p>Free self-study (20h)<\/p>\n<\/div>\n\t\t<\/div><\/div><div id=\"pgc-gb1068-69e774b078e08-10-1\"  class=\"panel-grid-cell\" ><div class=\"panel-widget-style\" style=\"background: url(&quot;false&quot;) !important; background-position: left top !important; background-repeat: repeat !important; background-size: auto !important; background-attachment: scroll !important; text-align: center !important;\" ><div class=\"animated start-fadeIn\" title=\"\"><div class=\"customtitle style5\"><h2 style=\"font-style: normal;\"><span>Teaching &#038; Learning methods<\/span><\/h2><\/div><\/div><div class=\"clearboth\"><\/div><\/div><div class=\"panel-widget-style\" style=\"background: url(&quot;false&quot;) !important; background-position: left top !important; background-repeat: repeat !important; background-size: auto !important; background-attachment: scroll !important;\" >\t\t\t<div class=\"textwidget\"><p>Interactive contact event, literature study and reflection; content\u00a0research; project work, presentation<\/p>\n<\/div>\n\t\t<\/div><div class=\"panel-widget-style\" style=\"background: url(&quot;false&quot;) !important; background-position: left top !important; background-repeat: repeat !important; background-size: auto !important; background-attachment: scroll !important; text-align: center !important;\" ><div class=\"animated start-fadeIn\" title=\"\"><div class=\"customtitle style5\"><h2 style=\"font-style: normal;\"><span>Proof of performance<\/span><\/h2><\/div><\/div><div class=\"clearboth\"><\/div><\/div><div class=\"panel-widget-style\" style=\"background: url(&quot;false&quot;) !important; background-position: left top !important; background-repeat: repeat !important; background-size: auto !important; background-attachment: scroll !important;\" >\t\t\t<div class=\"textwidget\"><ul>\n<li>70% Documentation of product strategy &amp; roadmap\u00a0(group work)<\/li>\n<li>30% Presentation (group work)<\/li>\n<\/ul>\n<\/div>\n\t\t<\/div><\/div><\/div><\/div><div id=\"pg-gb1068-69e774b078e08-11\"  class=\"panel-grid\" ><div class=\"panel-grid-core\"><div id=\"pgc-gb1068-69e774b078e08-11-0\"  class=\"panel-grid-cell\" ><div class=\"panel-widget-style\" ><div class=\"divider-top\"><a href=\"javascript:void(0)\" class=\"backtotop\">Top<\/a><\/div><\/div><\/div><\/div><\/div><div id=\"pg-gb1068-69e774b078e08-12\"  class=\"panel-grid\" ><div class=\"panel-grid-core\"><div id=\"pgc-gb1068-69e774b078e08-12-0\"  class=\"panel-grid-cell\" ><div class=\"panel-widget-style\" style=\"background: url(&quot;false&quot;) !important; background-position: left top !important; background-repeat: repeat !important; background-size: auto !important; background-attachment: scroll !important; text-align: center !important;\" ><h2 style=\"font-style: normal;\"><span>Course readings<\/span><\/h2><\/div><div class=\"panel-widget-style\" style=\"background: url(&quot;false&quot;) !important; background-position: left top !important; background-repeat: repeat !important; background-size: auto !important; background-attachment: scroll !important;\" >\t\t\t<div class=\"textwidget\"><p>See <a href=\"https:\/\/hartmannventures.com\/pmknowledge\">https:\/\/hartmannventures.com\/pmknowledge<\/a><\/p>\n<\/div>\n\t\t<\/div><div class=\"panel-widget-style\" ><h2 style=\"font-style: normal;\"><span>Course schedule and location<\/span><\/h2><\/div><div class=\"panel-widget-style\" style=\"background: url(&quot;false&quot;) !important; background-position: left top !important; background-repeat: repeat !important; background-size: auto !important; background-attachment: scroll !important;\" >\t\t\t<div class=\"textwidget\"><ul>\n<li>Old campus<\/li>\n<li>Room 2.3<\/li>\n<\/ul>\n<p>Course schedule to be updated.<\/p>\n<\/div>\n\t\t<\/div><\/div><\/div><\/div><div id=\"pg-gb1068-69e774b078e08-13\"  class=\"panel-grid\" ><div class=\"panel-grid-core\"><div id=\"pgc-gb1068-69e774b078e08-13-0\"  class=\"panel-grid-cell\" ><div class=\"panel-widget-style\" style=\"background: url(&quot;false&quot;) !important; background-position: left top !important; background-repeat: repeat !important; background-size: auto !important; background-attachment: scroll !important;\" ><div id=\"shuttleshortcodesshuttle_builder_calltoaction\" class=\"shuttleshortcodesshuttle_builder_calltoaction sc-action\"><div class=\"sc-action-core\"><div class=\"action-message three_fourth\"><div class=\"action-text\"><\/div><div class=\"action-teaser\"><p>This course is fully booked!<\/p>\n<\/div><\/div><div class=\"action-link one_fourth last\"><a class=\"themebutton\" href=\"http:\/\/www.jossis.unizd.hr\/index.php\/course-02-research-methods\/\"current>Are you interested in Course 02? <\/a><\/div><div class=\"clearboth\"><\/div><\/div><\/div><\/div><\/div><\/div><\/div>","protected":false},"excerpt":{"rendered":"","protected":false},"author":1,"featured_media":0,"parent":1073,"menu_order":0,"comment_status":"closed","ping_status":"closed","template":"","meta":{"footnotes":""},"categories":[12],"tags":[],"class_list":["post-1068","page","type-page","status-publish","hentry","category-archive"],"_links":{"self":[{"href":"https:\/\/www.jossis.unizd.hr\/index.php\/wp-json\/wp\/v2\/pages\/1068","targetHints":{"allow":["GET"]}}],"collection":[{"href":"https:\/\/www.jossis.unizd.hr\/index.php\/wp-json\/wp\/v2\/pages"}],"about":[{"href":"https:\/\/www.jossis.unizd.hr\/index.php\/wp-json\/wp\/v2\/types\/page"}],"author":[{"embeddable":true,"href":"https:\/\/www.jossis.unizd.hr\/index.php\/wp-json\/wp\/v2\/users\/1"}],"replies":[{"embeddable":true,"href":"https:\/\/www.jossis.unizd.hr\/index.php\/wp-json\/wp\/v2\/comments?post=1068"}],"version-history":[{"count":3,"href":"https:\/\/www.jossis.unizd.hr\/index.php\/wp-json\/wp\/v2\/pages\/1068\/revisions"}],"predecessor-version":[{"id":1108,"href":"https:\/\/www.jossis.unizd.hr\/index.php\/wp-json\/wp\/v2\/pages\/1068\/revisions\/1108"}],"up":[{"embeddable":true,"href":"https:\/\/www.jossis.unizd.hr\/index.php\/wp-json\/wp\/v2\/pages\/1073"}],"wp:attachment":[{"href":"https:\/\/www.jossis.unizd.hr\/index.php\/wp-json\/wp\/v2\/media?parent=1068"}],"wp:term":[{"taxonomy":"category","embeddable":true,"href":"https:\/\/www.jossis.unizd.hr\/index.php\/wp-json\/wp\/v2\/categories?post=1068"},{"taxonomy":"post_tag","embeddable":true,"href":"https:\/\/www.jossis.unizd.hr\/index.php\/wp-json\/wp\/v2\/tags?post=1068"}],"curies":[{"name":"wp","href":"https:\/\/api.w.org\/{rel}","templated":true}]}}